{"id":53259,"date":"2023-12-12T16:49:45","date_gmt":"2023-12-12T15:49:45","guid":{"rendered":"https:\/\/www.thomasstegemann.at\/?page_id=53259"},"modified":"2023-12-19T05:36:48","modified_gmt":"2023-12-19T04:36:48","slug":"wahlarztordination-fuer-kinder-und-jugendpsychiatrie","status":"publish","type":"page","link":"https:\/\/www.thomasstegemann.at\/en\/private-practice\/wahlarztordination-fuer-kinder-und-jugendpsychiatrie\/","title":{"rendered":"Wahlarztordination f\u00fcr Kinder- und Jugendpsychiatrie"},"content":{"rendered":"<div class=\"wpb-content-wrapper\"><p>[vc_row][vc_column][vc_single_image image=&#8221;53489&#8243; img_size=&#8221;full&#8221; alignment=&#8221;center&#8221; css_animation=&#8221;slideInRight&#8221;][\/vc_column][\/vc_row][vc_row][vc_column][vc_column_text]<\/p>\n<h1>Wahlarztordination f\u00fcr Kinder- und Jugendpsychiatrie<\/h1>\n<p>[\/vc_column_text][\/vc_column][\/vc_row][vc_row type=&#8221;vc_default&#8221; gap=&#8221;35&#8243;][vc_column width=&#8221;1\/3&#8243;][vc_single_image image=&#8221;53331&#8243; img_size=&#8221;full&#8221; alignment=&#8221;center&#8221; onclick=&#8221;link_image&#8221; image_hovers=&#8221;false&#8221;][vc_single_image image=&#8221;53339&#8243; img_size=&#8221;full&#8221; alignment=&#8221;center&#8221; onclick=&#8221;link_image&#8221; image_hovers=&#8221;false&#8221;][\/vc_column][vc_column width=&#8221;2\/3&#8243;][vc_column_text css_animation=&#8221;none&#8221;]Praxis<br \/>\nUniv.-Prof. Dr. med. Dr. sc. mus. Thomas Stegemann<br \/>\nA-1030 Wien, Reisnerstra\u00dfe 27\/2[\/vc_column_text][vc_empty_space height=&#8221;5px&#8221;][vc_column_text css_animation=&#8221;none&#8221;]<\/p>\n<h2>Herzlich willkommen auf meiner Webseite!<br \/>\nIhr Wahlarzt aller Kassen f\u00fcr Kinder- und Jugendpsychiatrie.<\/h2>\n<p>Ich biete kinder- und jugendpsychiatrische Diagnostik und Behandlung sowie Beratung f\u00fcr Eltern und Bezugspersonen an.<\/p>\n<p><u>\u00dcber mich<\/u>: Bevor ich 2011 die Professur f\u00fcr Musiktherapie an der mdw \u2013 Universit\u00e4t f\u00fcr Musik und darstellende Kunst Wien angetreten habe, war ich viele Jahre an der Universit\u00e4tsklinik f\u00fcr Kinder- und Jugendpsychiatrie in Hamburg-Eppendorf t\u00e4tig \u2013 zuletzt als leitender Oberarzt. Ausgehend von meiner Facharztausbildung und einer Weiterbildung zum Paar- und Familientherapeuten verbinde ich psychodynamisches Denken mit systemischen Ans\u00e4tzen, um gemeinsam mit den Menschen, die zu mir kommen, L\u00f6sungen f\u00fcr ihre Probleme und Beschwerden zu finden.[\/vc_column_text][vc_empty_space height=&#8221;5px&#8221;][vc_column_text css_animation=&#8221;none&#8221;]Termine nach pers\u00f6nlicher Vereinbarung.<\/p>\n<p><strong>E-Mail:<br \/>\n<\/strong><a href=\"mailto:tstegemann@gmx.at\">tstegemann@gmx.at<\/a><\/p>\n<p><strong>Telefon:<\/strong><br \/>\n<a href=\"tel:+436644586042\">+43 664 4586042<\/a>[\/vc_column_text][vc_empty_space height=&#8221;5px&#8221;][vc_column_text css_animation=&#8221;none&#8221; css=&#8221;.vc_custom_1702534145142{margin-bottom: 0px !important;padding-bottom: 0px !important;}&#8221;]Sie erreichen mich \u00f6ffentlich mit dem Bus 4A (Modena Park) und den U-Bahnen U3 (Wien-Mitte) \/ U4 (Stadtpark \/ Wien-Mitte) oder S-Bahnen (Rennweg \/ Wien-Mitte).[\/vc_column_text][vc_accordion active_tab=&#8221;false&#8221; collapsible=&#8221;yes&#8221;][vc_accordion_tab title=&#8221;Karte ein-\/ausblenden&#8221;][vc_gmaps link=&#8221;#E-8_JTNDaWZyYW1lJTIwc3JjJTNEJTIyaHR0cHMlM0ElMkYlMkZ3d3cuZ29vZ2xlLmNvbSUyRm1hcHMlMkZlbWJlZCUzRnBiJTNEJTIxMW0xOCUyMTFtMTIlMjExbTMlMjExZDI2NTkuMzI4NDk5OTU3MDY2NSUyMTJkMTYuMzg0MDEzNTAwMDAwMDAyJTIxM2Q0OC4yMDAyODgxOTk5OTk5OTYlMjEybTMlMjExZjAlMjEyZjAlMjEzZjAlMjEzbTIlMjExaTEwMjQlMjEyaTc2OCUyMTRmMTMuMSUyMTNtMyUyMTFtMiUyMTFzMHg0NzZkMDc3MGZhNzJkMTZiJTI1M0EweGFjMWE0NzBiMmY2NWNiMTklMjEyc1JlaXNuZXJzdHJhJTI1QzMlMjU5RmUlMjUyMDI3JTI1MkMlMjUyMDEwMzAlMjUyMFdpZW4lMjE1ZTAlMjEzbTIlMjExc2RlJTIxMnNhdCUyMTR2MTcwMjUzMzkxNTk0NSUyMTVtMiUyMTFzZGUlMjEyc2F0JTIyJTIwd2lkdGglM0QlMjI2MDAlMjIlMjBoZWlnaHQlM0QlMjI0NTAlMjIlMjBzdHlsZSUzRCUyMmJvcmRlciUzQTAlM0IlMjIlMjBhbGxvd2Z1bGxzY3JlZW4lM0QlMjIlMjIlMjBsb2FkaW5nJTNEJTIybGF6eSUyMiUyMHJlZmVycmVycG9saWN5JTNEJTIybm8tcmVmZXJyZXItd2hlbi1kb3duZ3JhZGUlMjIlM0UlM0MlMkZpZnJhbWUlM0U=&#8221;][\/vc_accordion_tab][\/vc_accordion][vc_empty_space height=&#8221;20px&#8221;][\/vc_column][\/vc_row]<\/p>\n<\/div>","protected":false},"excerpt":{"rendered":"<p>[vc_row][vc_column][vc_single_image image=&#8221;53489&#8243; img_size=&#8221;full&#8221; alignment=&#8221;center&#8221; css_animation=&#8221;slideInRight&#8221;][\/vc_column][\/vc_row][vc_row][vc_column][vc_column_text] Wahlarztordination f\u00fcr Kinder- und Jugendpsychiatrie [\/vc_column_text][\/vc_column][\/vc_row][vc_row type=&#8221;vc_default&#8221; gap=&#8221;35&#8243;][vc_column width=&#8221;1\/3&#8243;][vc_single_image image=&#8221;53331&#8243; img_size=&#8221;full&#8221; alignment=&#8221;center&#8221; onclick=&#8221;link_image&#8221; image_hovers=&#8221;false&#8221;][vc_single_image image=&#8221;53339&#8243; img_size=&#8221;full&#8221; alignment=&#8221;center&#8221; onclick=&#8221;link_image&#8221; image_hovers=&#8221;false&#8221;][\/vc_column][vc_column width=&#8221;2\/3&#8243;][vc_column_text css_animation=&#8221;none&#8221;]Praxis Univ.-Prof. Dr. med. Dr. sc. mus. Thomas Stegemann A-1030 Wien, Reisnerstra\u00dfe 27\/2[\/vc_column_text][vc_empty_space height=&#8221;5px&#8221;][vc_column_text css_animation=&#8221;none&#8221;] Herzlich willkommen auf meiner Webseite! Ihr Wahlarzt aller Kassen f\u00fcr Kinder- und Jugendpsychiatrie. Ich biete&hellip;<\/p>\n","protected":false},"author":1,"featured_media":0,"parent":53281,"menu_order":0,"comment_status":"closed","ping_status":"closed","template":"","meta":{"footnotes":""},"class_list":["post-53259","page","type-page","status-publish","hentry","description-off"],"aioseo_notices":[],"_links":{"self":[{"href":"https:\/\/www.thomasstegemann.at\/en\/wp-json\/wp\/v2\/pages\/53259","targetHints":{"allow":["GET"]}}],"collection":[{"href":"https:\/\/www.thomasstegemann.at\/en\/wp-json\/wp\/v2\/pages"}],"about":[{"href":"https:\/\/www.thomasstegemann.at\/en\/wp-json\/wp\/v2\/types\/page"}],"author":[{"embeddable":true,"href":"https:\/\/www.thomasstegemann.at\/en\/wp-json\/wp\/v2\/users\/1"}],"replies":[{"embeddable":true,"href":"https:\/\/www.thomasstegemann.at\/en\/wp-json\/wp\/v2\/comments?post=53259"}],"version-history":[{"count":0,"href":"https:\/\/www.thomasstegemann.at\/en\/wp-json\/wp\/v2\/pages\/53259\/revisions"}],"up":[{"embeddable":true,"href":"https:\/\/www.thomasstegemann.at\/en\/wp-json\/wp\/v2\/pages\/53281"}],"wp:attachment":[{"href":"https:\/\/www.thomasstegemann.at\/en\/wp-json\/wp\/v2\/media?parent=53259"}],"curies":[{"name":"wp","href":"https:\/\/api.w.org\/{rel}","templated":true}]}}